{"id":26596,"date":"2025-11-17T15:56:00","date_gmt":"2025-11-17T07:56:00","guid":{"rendered":"https:\/\/agate-project.org\/?page_id=26596"},"modified":"2026-03-16T14:22:48","modified_gmt":"2026-03-16T06:22:48","slug":"iasgt_eoi","status":"publish","type":"page","link":"https:\/\/agate-project.org\/fr\/iasgt_eoi\/","title":{"rendered":"IASGT Expression of Interest\/ Expression d&#8217;int\u00e9r\u00eat"},"content":{"rendered":"<p><\/p>\n\n\n\n<p>Current MSc or PhD students are invited to register their interest in attending the IASGT conference. Places will be confirmed progressively as funds from sponsors arrive.<\/p>\n\n\n\n<p>Please read the linked guide before completing this form <a href=\"https:\/\/agate-project.org\/wp-content\/uploads\/2025\/12\/Student-Sponsorship-Scheme.pdf\" data-type=\"link\" data-id=\"https:\/\/agate-project.org\/wp-content\/uploads\/2025\/12\/Student-Sponsorship-Scheme.pdf\">https:\/\/agate-project.org\/wp-content\/uploads\/2025\/12\/Student-Sponsorship-Scheme.pdf<\/a><\/p>\n\n\n\n<p>Les \u00e9tudiants en master ou en doctorat sont invit\u00e9s \u00e0 exprimer leur int\u00e9r\u00eat pour participer \u00e0 cette conf\u00e9rence IASTG. Les places seront confirm\u00e9es progressivement en fonction de la r\u00e9ception des fonds des sponsors.<\/p>\n\n\n\n<p>Veuillez lire ce guide avant de remplir ce formulaire. <a href=\"https:\/\/agate-project.org\/wp-content\/uploads\/2025\/12\/Programme-de-Parrainage-pour-les-Etudiants-.pdf\">https:\/\/agate-project.org\/wp-content\/uploads\/2025\/12\/Programme-de-Parrainage-pour-les-Etudiants-.pdf<\/a><\/p>\n\n\n<div class=\"wpforms-container wpforms-container-full wpforms-block wpforms-block-d627eb03-4d0a-440e-884f-cde9313adae8\" id=\"wpforms-26587\"><form id=\"wpforms-form-26587\" class=\"wpforms-validate wpforms-form wpforms-ajax-form\" data-formid=\"26587\" method=\"post\" enctype=\"multipart\/form-data\" action=\"\/fr\/wp-json\/wp\/v2\/pages\/26596?wpforms_form_id=26587\" data-token=\"41abd693815fa5fab866081b62178e0e\" data-token-time=\"1775609505\" data-trp-original-action=\"\/fr\/wp-json\/wp\/v2\/pages\/26596?wpforms_form_id=26587\"><noscript class=\"wpforms-error-noscript\">Veuillez activer JavaScript dans votre navigateur pour remplir ce formulaire.<\/noscript><div class=\"wpforms-field-container\"><div id=\"wpforms-26587-field_1-container\" class=\"wpforms-field wpforms-field-name\" data-field-type=\"name\" data-field-id=\"1\"><label class=\"wpforms-field-label\">Name\/Nom <span class=\"wpforms-required-label\">*<\/span><\/label><div class=\"wpforms-field-row wpforms-field-medium\"><div class=\"wpforms-field-row-block wpforms-first wpforms-one-half\"><input type=\"text\" id=\"wpforms-26587-field_1\" class=\"wpforms-field-name-first wpforms-field-required\" name=\"wpforms[fields][1][first]\" value=\"Prenom\" required><label for=\"wpforms-26587-field_1\" class=\"wpforms-field-sublabel after\">Pr\u00e9nom<\/label><\/div><div class=\"wpforms-field-row-block wpforms-one-half\"><input type=\"text\" id=\"wpforms-26587-field_1-last\" class=\"wpforms-field-name-last wpforms-field-required\" name=\"wpforms[fields][1][last]\" value=\"Nom\" required><label for=\"wpforms-26587-field_1-last\" class=\"wpforms-field-sublabel after\">Nom<\/label><\/div><\/div><\/div><div id=\"wpforms-26587-field_2-container\" class=\"wpforms-field wpforms-field-email\" data-field-type=\"email\" data-field-id=\"2\"><label class=\"wpforms-field-label\" for=\"wpforms-26587-field_2\">Email <span class=\"wpforms-required-label\">*<\/span><\/label><input type=\"email\" id=\"wpforms-26587-field_2\" class=\"wpforms-field-medium wpforms-field-required\" name=\"wpforms[fields][2]\" spellcheck=\"false\" required><\/div><div id=\"wpforms-26587-field_8-container\" class=\"wpforms-field wpforms-field-text\" data-field-type=\"text\" data-field-id=\"8\"><label class=\"wpforms-field-label\" for=\"wpforms-26587-field_8\">Country\/Pays <span class=\"wpforms-required-label\">*<\/span><\/label><input type=\"text\" id=\"wpforms-26587-field_8\" class=\"wpforms-field-medium wpforms-field-required\" name=\"wpforms[fields][8]\" required><\/div>\t\t<div id=\"wpforms-26587-field_3-container\"\n\t\t\tclass=\"wpforms-field wpforms-field-text\"\n\t\t\tdata-field-type=\"text\"\n\t\t\tdata-field-id=\"3\"\n\t\t\t>\n\t\t\t<label class=\"wpforms-field-label\" for=\"wpforms-26587-field_3\" >Country\/Pays Poster ID<\/label>\n\t\t\t<input type=\"text\" id=\"wpforms-26587-field_3\" class=\"wpforms-field-medium\" name=\"wpforms[fields][3]\" >\n\t\t<\/div>\n\t\t<div id=\"wpforms-26587-field_9-container\" class=\"wpforms-field wpforms-field-text\" data-field-type=\"text\" data-field-id=\"9\"><label class=\"wpforms-field-label\" for=\"wpforms-26587-field_9\">University\/Universit\u00e9 <span class=\"wpforms-required-label\">*<\/span><\/label><input type=\"text\" id=\"wpforms-26587-field_9\" class=\"wpforms-field-medium wpforms-field-required\" name=\"wpforms[fields][9]\" required><\/div><div id=\"wpforms-26587-field_16-container\" class=\"wpforms-field wpforms-field-radio\" data-field-type=\"radio\" data-field-id=\"16\"><label class=\"wpforms-field-label\">Current Status\/Status actuel <span class=\"wpforms-required-label\">*<\/span><\/label><ul id=\"wpforms-26587-field_16\" class=\"wpforms-field-required\"><li class=\"choice-1 depth-1\"><input type=\"radio\" id=\"wpforms-26587-field_16_1\" name=\"wpforms[fields][16]\" value=\"Masters\" required><label class=\"wpforms-field-label-inline\" for=\"wpforms-26587-field_16_1\">Masters<\/label><\/li><li class=\"choice-2 depth-1\"><input type=\"radio\" id=\"wpforms-26587-field_16_2\" name=\"wpforms[fields][16]\" value=\"PhD\" required><label class=\"wpforms-field-label-inline\" for=\"wpforms-26587-field_16_2\">PhD<\/label><\/li><li class=\"choice-3 depth-1 wpforms-other-choice\"><input type=\"radio\" id=\"wpforms-26587-field_16_3\" data-other-choice=\"true\" name=\"wpforms[fields][16]\" value=\"Early Career\" required><label class=\"wpforms-field-label-inline\" for=\"wpforms-26587-field_16_3\">Early Career<\/label><\/li><\/ul><input type=\"text\" id=\"wpforms-26587-field_16_other\" class=\"wpforms-other-input wpforms-field-required wpforms-field-medium wpforms-hidden\" name=\"wpforms[fields][16][other]\" disabled=\"disabled\" required><\/div><div id=\"wpforms-26587-field_12-container\" class=\"wpforms-field wpforms-field-file-upload\" data-field-type=\"file-upload\" data-field-id=\"12\"><label class=\"wpforms-field-label\" for=\"wpforms-26587-field_12\">Upload Passport identity page\/T\u00e9l\u00e9charger la page signal\u00e9tique du passeport <span class=\"wpforms-required-label\">*<\/span><\/label><div\n\t\tclass=\"wpforms-uploader wpforms-field-required\"\n\t\tdata-field-id=\"12\"\n\t\tdata-form-id=\"26587\"\n\t\tdata-input-name=\"wpforms_26587_12\"\n\t\tdata-extensions=\"pdf,jpg,jpeg\"\n\t\tdata-max-size=\"4194304\"\n\t\tdata-max-file-number=\"1\"\n\t\tdata-post-max-size=\"268435456\"\n\t\tdata-max-parallel-uploads=\"4\"\n\t\tdata-parallel-uploads=\"true\"\n\t\tdata-file-chunk-size=\"2097152\">\n\t<div class=\"dz-message\">\n\t\t<svg  viewbox=\"0 0 640 640\" focusable=\"false\" data-icon=\"inbox\" width=\"50px\" height=\"50px\" fill=\"currentColor\" aria-hidden=\"true\">\n\t\t\t<path d=\"M352 173.3L352 384C352 401.7 337.7 416 320 416C302.3 416 288 401.7 288 384L288 173.3L246.6 214.7C234.1 227.2 213.8 227.2 201.3 214.7C188.8 202.2 188.8 181.9 201.3 169.4L297.3 73.4C309.8 60.9 330.1 60.9 342.6 73.4L438.6 169.4C451.1 181.9 451.1 202.2 438.6 214.7C426.1 227.2 405.8 227.2 393.3 214.7L352 173.3zM320 464C364.2 464 400 428.2 400 384L480 384C515.3 384 544 412.7 544 448L544 480C544 515.3 515.3 544 480 544L160 544C124.7 544 96 515.3 96 480L96 448C96 412.7 124.7 384 160 384L240 384C240 428.2 275.8 464 320 464zM464 488C477.3 488 488 477.3 488 464C488 450.7 477.3 440 464 440C450.7 440 440 450.7 440 464C440 477.3 450.7 488 464 488z\"\/>\n\t\t<\/svg>\n\n\t\t<span class=\"modern-title\">\n\t\t\t\t\t\t\tDrag &amp; Drop Files, \t\t\t\t<span>Choose Files to Upload<\/span>\n\t\t\t\t\t<\/span>\n\n\t\t\t<\/div>\n<\/div>\n\n<input\n\t\ttype=\"text\"\n\t\tautocomplete=\"off\"\n\t\treadonly\n\t\tclass=\"dropzone-input\"\n\t\tstyle=\"position:absolute!important;clip:rect(0,0,0,0)!important;height:1px!important;width:1px!important;border:0!important;overflow:hidden!important;padding:0!important;margin:0!important;\"\n\t\tid=\"wpforms-26587-field_12\"\n\t\tname=\"wpforms_26587_12\" required\t\tvalue=\"\">\n<div class=\"wpforms-field-description\">Upload copy of your Passport. Passport must be valid for at least 6 months from the date of travel. T\u00e9l\u00e9chargez une copie de votre passeport. Le passeport doit \u00eatre valide au moins 6 mois \u00e0 compter de la date du voyage. Format: pdf,jpg,jpeg<\/div><\/div><div id=\"wpforms-26587-field_13-container\" class=\"wpforms-field wpforms-field-file-upload\" data-field-type=\"file-upload\" data-field-id=\"13\"><label class=\"wpforms-field-label\" for=\"wpforms-26587-field_13\">Upload University ID Card\/T\u00e9l\u00e9chargez votre carte d\u2019\u00e9tudiant. <span class=\"wpforms-required-label\">*<\/span><\/label><div\n\t\tclass=\"wpforms-uploader wpforms-field-required\"\n\t\tdata-field-id=\"13\"\n\t\tdata-form-id=\"26587\"\n\t\tdata-input-name=\"wpforms_26587_13\"\n\t\tdata-extensions=\"pdf,jpg,jpeg\"\n\t\tdata-max-size=\"4194304\"\n\t\tdata-max-file-number=\"1\"\n\t\tdata-post-max-size=\"268435456\"\n\t\tdata-max-parallel-uploads=\"4\"\n\t\tdata-parallel-uploads=\"true\"\n\t\tdata-file-chunk-size=\"2097152\">\n\t<div class=\"dz-message\">\n\t\t<svg  viewbox=\"0 0 640 640\" focusable=\"false\" data-icon=\"inbox\" width=\"50px\" height=\"50px\" fill=\"currentColor\" aria-hidden=\"true\">\n\t\t\t<path d=\"M352 173.3L352 384C352 401.7 337.7 416 320 416C302.3 416 288 401.7 288 384L288 173.3L246.6 214.7C234.1 227.2 213.8 227.2 201.3 214.7C188.8 202.2 188.8 181.9 201.3 169.4L297.3 73.4C309.8 60.9 330.1 60.9 342.6 73.4L438.6 169.4C451.1 181.9 451.1 202.2 438.6 214.7C426.1 227.2 405.8 227.2 393.3 214.7L352 173.3zM320 464C364.2 464 400 428.2 400 384L480 384C515.3 384 544 412.7 544 448L544 480C544 515.3 515.3 544 480 544L160 544C124.7 544 96 515.3 96 480L96 448C96 412.7 124.7 384 160 384L240 384C240 428.2 275.8 464 320 464zM464 488C477.3 488 488 477.3 488 464C488 450.7 477.3 440 464 440C450.7 440 440 450.7 440 464C440 477.3 450.7 488 464 488z\"\/>\n\t\t<\/svg>\n\n\t\t<span class=\"modern-title\">\n\t\t\t\t\t\t\tDrag &amp; Drop Files, \t\t\t\t<span>Choose Files to Upload<\/span>\n\t\t\t\t\t<\/span>\n\n\t\t\t<\/div>\n<\/div>\n\n<input\n\t\ttype=\"text\"\n\t\tautocomplete=\"off\"\n\t\treadonly\n\t\tclass=\"dropzone-input\"\n\t\tstyle=\"position:absolute!important;clip:rect(0,0,0,0)!important;height:1px!important;width:1px!important;border:0!important;overflow:hidden!important;padding:0!important;margin:0!important;\"\n\t\tid=\"wpforms-26587-field_13\"\n\t\tname=\"wpforms_26587_13\" required\t\tvalue=\"\">\n<div class=\"wpforms-field-description\">Format: pdf,jpg,jpeg<\/div><\/div><div id=\"wpforms-26587-field_14-container\" class=\"wpforms-field wpforms-field-file-upload\" data-field-type=\"file-upload\" data-field-id=\"14\"><label class=\"wpforms-field-label\" for=\"wpforms-26587-field_14\">Upload Support Letter from Head of School\/T\u00e9l\u00e9charger la lettre de soutien du chef d&#039;\u00e9tablissement <span class=\"wpforms-required-label\">*<\/span><\/label><div\n\t\tclass=\"wpforms-uploader wpforms-field-required\"\n\t\tdata-field-id=\"14\"\n\t\tdata-form-id=\"26587\"\n\t\tdata-input-name=\"wpforms_26587_14\"\n\t\tdata-extensions=\"pdf,jpg,jpeg\"\n\t\tdata-max-size=\"4194304\"\n\t\tdata-max-file-number=\"1\"\n\t\tdata-post-max-size=\"268435456\"\n\t\tdata-max-parallel-uploads=\"4\"\n\t\tdata-parallel-uploads=\"true\"\n\t\tdata-file-chunk-size=\"2097152\">\n\t<div class=\"dz-message\">\n\t\t<svg  viewbox=\"0 0 640 640\" focusable=\"false\" data-icon=\"inbox\" width=\"50px\" height=\"50px\" fill=\"currentColor\" aria-hidden=\"true\">\n\t\t\t<path d=\"M352 173.3L352 384C352 401.7 337.7 416 320 416C302.3 416 288 401.7 288 384L288 173.3L246.6 214.7C234.1 227.2 213.8 227.2 201.3 214.7C188.8 202.2 188.8 181.9 201.3 169.4L297.3 73.4C309.8 60.9 330.1 60.9 342.6 73.4L438.6 169.4C451.1 181.9 451.1 202.2 438.6 214.7C426.1 227.2 405.8 227.2 393.3 214.7L352 173.3zM320 464C364.2 464 400 428.2 400 384L480 384C515.3 384 544 412.7 544 448L544 480C544 515.3 515.3 544 480 544L160 544C124.7 544 96 515.3 96 480L96 448C96 412.7 124.7 384 160 384L240 384C240 428.2 275.8 464 320 464zM464 488C477.3 488 488 477.3 488 464C488 450.7 477.3 440 464 440C450.7 440 440 450.7 440 464C440 477.3 450.7 488 464 488z\"\/>\n\t\t<\/svg>\n\n\t\t<span class=\"modern-title\">\n\t\t\t\t\t\t\tDrag &amp; Drop Files, \t\t\t\t<span>Choose Files to Upload<\/span>\n\t\t\t\t\t<\/span>\n\n\t\t\t<\/div>\n<\/div>\n\n<input\n\t\ttype=\"text\"\n\t\tautocomplete=\"off\"\n\t\treadonly\n\t\tclass=\"dropzone-input\"\n\t\tstyle=\"position:absolute!important;clip:rect(0,0,0,0)!important;height:1px!important;width:1px!important;border:0!important;overflow:hidden!important;padding:0!important;margin:0!important;\"\n\t\tid=\"wpforms-26587-field_14\"\n\t\tname=\"wpforms_26587_14\" required\t\tvalue=\"\">\n<div class=\"wpforms-field-description\">Format: pdf,jpg,jpeg<\/div><\/div><div id=\"wpforms-26587-field_10-container\" class=\"wpforms-field wpforms-field-text\" data-field-type=\"text\" data-field-id=\"10\"><label class=\"wpforms-field-label\" for=\"wpforms-26587-field_10\">Poster Title\/Titre du poster (en anglais) <span class=\"wpforms-required-label\">*<\/span><\/label><input type=\"text\" id=\"wpforms-26587-field_10\" class=\"wpforms-field-medium wpforms-field-required\" name=\"wpforms[fields][10]\" required><\/div><div id=\"wpforms-26587-field_11-container\" class=\"wpforms-field wpforms-field-textarea\" data-field-type=\"textarea\" data-field-id=\"11\"><label class=\"wpforms-field-label\" for=\"wpforms-26587-field_11\">Poster Abstract\/R\u00e9sum\u00e9 du poster (en anglais) <span class=\"wpforms-required-label\">*<\/span><\/label><textarea id=\"wpforms-26587-field_11\" class=\"wpforms-field-large wpforms-field-required wpforms-limit-words-enabled\" data-form-id=\"26587\" data-field-id=\"11\" data-text-limit=\"300\" name=\"wpforms[fields][11]\" placeholder=\"300 word limit\/Limite de 300 mots\" required><\/textarea><\/div><div id=\"wpforms-26587-field_6-container\" class=\"wpforms-field wpforms-field-checkbox\" data-field-type=\"checkbox\" data-field-id=\"6\"><label class=\"wpforms-field-label\">Financial Support\/Soutien financier <span class=\"wpforms-required-label\">*<\/span><\/label><ul id=\"wpforms-26587-field_6\" class=\"wpforms-field-required\"><li class=\"choice-1 depth-1\"><input type=\"checkbox\" id=\"wpforms-26587-field_6_1\" name=\"wpforms[fields][6][]\" value=\"I would like to be considered for financial support, and I agree to the terms of the sponsorship scheme.  Je souhaiterais \u00eatre pris(e) en consid\u00e9ration pour une aide financi\u00e8re et j\u2019accepte les conditions du programme de parrainage.\" required><label class=\"wpforms-field-label-inline\" for=\"wpforms-26587-field_6_1\">I would like to be considered for financial support, and I agree to the terms of the sponsorship scheme.  Je souhaiterais \u00eatre pris(e) en consid\u00e9ration pour une aide financi\u00e8re et j\u2019accepte les conditions du programme de parrainage.<\/label><\/li><\/ul><\/div><script>\n\t\t\t\t( function() {\n\t\t\t\t\tconst style = document.createElement( 'style' );\n\t\t\t\t\tstyle.appendChild( document.createTextNode( '#wpforms-26587-field_3-container { position: absolute !important; overflow: hidden !important; display: inline !important; height: 1px !important; width: 1px !important; z-index: -1000 !important; padding: 0 !important; } #wpforms-26587-field_3-container input { visibility: hidden; } #wpforms-conversational-form-page #wpforms-26587-field_3-container label { counter-increment: none; }' ) );\n\t\t\t\t\tdocument.head.appendChild( style );\n\t\t\t\t\tdocument.currentScript?.remove();\n\t\t\t\t} )();\n\t\t\t<\/script><\/div><!-- .wpforms-field-container --><div class=\"wpforms-submit-container\" ><input type=\"hidden\" name=\"wpforms[id]\" value=\"26587\"><input type=\"hidden\" name=\"page_title\" value=\"\"><input type=\"hidden\" name=\"page_url\" value=\"https:\/\/agate-project.org\/fr\/wp-json\/wp\/v2\/pages\/26596\"><input type=\"hidden\" name=\"url_referer\" value=\"\"><button type=\"submit\" name=\"wpforms[submit]\" id=\"wpforms-submit-26587\" class=\"wpforms-submit\" data-alt-text=\"Sending...\" data-submit-text=\"Submit\/Soumettre\" aria-live=\"assertive\" value=\"wpforms-submit\">Submit\/Soumettre<\/button><img decoding=\"async\" src=\"https:\/\/agate-project.org\/wp-content\/plugins\/wpforms\/assets\/images\/submit-spin.svg\" class=\"wpforms-submit-spinner\" style=\"display: none;\" width=\"26\" height=\"26\" alt=\"Chargement en cours\"><\/div><input type=\"hidden\" name=\"trp-form-language\" value=\"fr\"\/><\/form><\/div>  <!-- .wpforms-container -->\n\n\n<p><\/p>","protected":false},"excerpt":{"rendered":"<p>Current MSc or PhD students are invited to register their interest in attending the IASGT conference. Places will be confirmed progressively as funds from sponsors arrive. Please read the linked guide before completing this form https:\/\/agate-project.org\/wp-content\/uploads\/2025\/12\/Student-Sponsorship-Scheme.pdf Les \u00e9tudiants en master ou en doctorat sont invit\u00e9s \u00e0 exprimer leur int\u00e9r\u00eat pour participer \u00e0 cette conf\u00e9rence IASTG&#8230;.<\/p>","protected":false},"author":1,"featured_media":0,"parent":0,"menu_order":0,"comment_status":"closed","ping_status":"closed","template":"","meta":{"_monsterinsights_skip_tracking":false,"_monsterinsights_sitenote_active":false,"_monsterinsights_sitenote_note":"","_monsterinsights_sitenote_category":0,"_uf_show_specific_survey":0,"_uf_disable_surveys":false,"footnotes":""},"class_list":["post-26596","page","type-page","status-publish","hentry"],"aioseo_notices":[],"_links":{"self":[{"href":"https:\/\/agate-project.org\/fr\/wp-json\/wp\/v2\/pages\/26596","targetHints":{"allow":["GET"]}}],"collection":[{"href":"https:\/\/agate-project.org\/fr\/wp-json\/wp\/v2\/pages"}],"about":[{"href":"https:\/\/agate-project.org\/fr\/wp-json\/wp\/v2\/types\/page"}],"author":[{"embeddable":true,"href":"https:\/\/agate-project.org\/fr\/wp-json\/wp\/v2\/users\/1"}],"replies":[{"embeddable":true,"href":"https:\/\/agate-project.org\/fr\/wp-json\/wp\/v2\/comments?post=26596"}],"version-history":[{"count":5,"href":"https:\/\/agate-project.org\/fr\/wp-json\/wp\/v2\/pages\/26596\/revisions"}],"predecessor-version":[{"id":27637,"href":"https:\/\/agate-project.org\/fr\/wp-json\/wp\/v2\/pages\/26596\/revisions\/27637"}],"wp:attachment":[{"href":"https:\/\/agate-project.org\/fr\/wp-json\/wp\/v2\/media?parent=26596"}],"curies":[{"name":"wp","href":"https:\/\/api.w.org\/{rel}","templated":true}]}}