{"id":22342,"date":"2021-04-23T10:15:59","date_gmt":"2021-04-23T02:15:59","guid":{"rendered":"https:\/\/agate-project.org\/?page_id=22342"},"modified":"2022-01-02T17:41:34","modified_gmt":"2022-01-02T09:41:34","slug":"related-initiatives","status":"publish","type":"page","link":"https:\/\/agate-project.org\/fr\/related-initiatives\/","title":{"rendered":"Initiatives connexes"},"content":{"rendered":"<div class=\"wpb-content-wrapper\"><div class=\"vc_row wpb_row vc_row-fluid edgtf-section vc_custom_1619144756002 edgtf-content-aligment-left\" style=\"\"><div class=\"clearfix edgtf-full-section-inner\"><div class=\"wpb_column vc_column_container vc_col-sm-3\"><div class=\"vc_column-inner vc_custom_1619143016835\"><div class=\"wpb_wrapper\">\n\t<div  class=\"wpb_single_image wpb_content_element vc_align_left wpb_content_element\">\n\t\t\n\t\t<figure class=\"wpb_wrapper vc_figure\">\n\t\t\t<div class=\"vc_single_image-wrapper   vc_box_border_grey\"><img decoding=\"async\" width=\"150\" height=\"150\" src=\"https:\/\/agate-project.org\/wp-content\/uploads\/2020\/11\/IMG_1313-150x150.jpg\" class=\"vc_single_image-img attachment-thumbnail\" alt=\"\" title=\"IMG_1313\" \/><\/div>\n\t\t<\/figure>\n\t<\/div>\n\n\t<div class=\"wpb_text_column wpb_content_element\" >\n\t\t<div class=\"wpb_wrapper\">\n\t\t\t<p style=\"text-align: left;\"><strong>La Lettre des G\u00e9osciences en Afrique de l'Ouest et au Maghreb<\/strong><\/p>\n<p style=\"text-align: left;\">Ce bulletin est publi\u00e9 mensuellement et fournit les derni\u00e8res nouvelles sur les publications, les subventions, les cours, les conf\u00e9rences et d'autres activit\u00e9s d'int\u00e9r\u00eat.<\/p>\n\n\t\t<\/div>\n\t<\/div>\n<div class=\"vc_empty_space\"   style=\"height: 32px\"><span class=\"vc_empty_space_inner\"><\/span><\/div><a itemprop=\"url\" href=\"https:\/\/facebook.us15.list-manage.com\/subscribe?u=71d06ba06f2ce9ae2196cca8a&#038;id=0b5be55b98\" target=\"_blank\"  class=\"edgtf-btn edgtf-btn-medium edgtf-btn-solid\"  >\n\t<span class=\"edgtf-btn-text\">Register for Newsletter<\/span>\n    <\/a><\/div><\/div><\/div><div class=\"wpb_column vc_column_container vc_col-sm-3\"><div class=\"vc_column-inner vc_custom_1619142708177\"><div class=\"wpb_wrapper\">\n\t<div  class=\"wpb_single_image wpb_content_element vc_align_left wpb_content_element\">\n\t\t\n\t\t<figure class=\"wpb_wrapper vc_figure\">\n\t\t\t<div class=\"vc_single_image-wrapper   vc_box_border_grey\"><img decoding=\"async\" width=\"150\" height=\"150\" src=\"https:\/\/agate-project.org\/wp-content\/uploads\/2021\/07\/MADI-150x150.png\" class=\"vc_single_image-img attachment-thumbnail\" alt=\"\" title=\"MADI\" srcset=\"https:\/\/agate-project.org\/wp-content\/uploads\/2021\/07\/MADI-150x150.png 150w, https:\/\/agate-project.org\/wp-content\/uploads\/2021\/07\/MADI.png 225w\" sizes=\"(max-width: 150px) 100vw, 150px\" \/><\/div>\n\t\t<\/figure>\n\t<\/div>\n\n\t<div class=\"wpb_text_column wpb_content_element\" >\n\t\t<div class=\"wpb_wrapper\">\n\t\t\t<p style=\"text-align: left;\"><strong>MADI- L'Institution de D\u00e9veloppement de Minerals Africa<\/strong><\/p>\n<p style=\"text-align: left;\">Un groupe de r\u00e9flexion Africain soutenant le d\u00e9veloppement responsable et durable des ressources min\u00e9rales de l'Afrique.<\/p>\n\n\t\t<\/div>\n\t<\/div>\n<div class=\"vc_empty_space\"   style=\"height: 32px\"><span class=\"vc_empty_space_inner\"><\/span><\/div><a itemprop=\"url\" href=\"https:\/\/madi.africa\/\" target=\"_blank\"  class=\"edgtf-btn edgtf-btn-medium edgtf-btn-solid\"  >\n\t<span class=\"edgtf-btn-text\">MADI Website<\/span>\n    <\/a><\/div><\/div><\/div><div class=\"wpb_column vc_column_container vc_col-sm-3\"><div class=\"vc_column-inner vc_custom_1619143470805\"><div class=\"wpb_wrapper\">\n\t<div  class=\"wpb_single_image wpb_content_element vc_align_left wpb_content_element\">\n\t\t\n\t\t<figure class=\"wpb_wrapper vc_figure\">\n\t\t\t<div class=\"vc_single_image-wrapper   vc_box_border_grey\"><img decoding=\"async\" width=\"150\" height=\"150\" src=\"https:\/\/agate-project.org\/wp-content\/uploads\/2021\/04\/igcp-1-150x150.jpg\" class=\"vc_single_image-img attachment-thumbnail\" alt=\"\" title=\"igcp\" \/><\/div>\n\t\t<\/figure>\n\t<\/div>\n\n\t<div class=\"wpb_text_column wpb_content_element\" >\n\t\t<div class=\"wpb_wrapper\">\n\t\t\t<p style=\"text-align: left;\"><strong>Programme internationale de coop\u00e9ration g\u00e9ologique 638<\/strong><\/p>\n<p style=\"text-align: left;\">L'objectif de ce projet PICG est de comprendre les relations existant entre l'histoire de l'orog\u00e8ne et le d\u00e9veloppement des concentrations m\u00e9talliques particuli\u00e8rement riches et denses d'int\u00e9r\u00eat \u00e9conomique au sein du domaine birimien.<\/p>\n\n\t\t<\/div>\n\t<\/div>\n<div class=\"vc_empty_space\"   style=\"height: 32px\"><span class=\"vc_empty_space_inner\"><\/span><\/div><a itemprop=\"url\" href=\"https:\/\/igcp638.univ-rennes1.fr\/\" target=\"_blank\"  class=\"edgtf-btn edgtf-btn-medium edgtf-btn-solid\"  >\n\t<span class=\"edgtf-btn-text\">IGCP 638 Website<\/span>\n    <\/a><\/div><\/div><\/div><div class=\"wpb_column vc_column_container vc_col-sm-3\"><div class=\"vc_column-inner vc_custom_1619143699385\"><div class=\"wpb_wrapper\">\n\t<div  class=\"wpb_single_image wpb_content_element vc_align_left wpb_content_element\">\n\t\t\n\t\t<figure class=\"wpb_wrapper vc_figure\">\n\t\t\t<div class=\"vc_single_image-wrapper   vc_box_border_grey\"><img loading=\"lazy\" decoding=\"async\" class=\"vc_single_image-img\" src=\"https:\/\/agate-project.org\/wp-content\/uploads\/2021\/04\/minerwa-1-200x150.png\" width=\"200\" height=\"150\" alt=\"minerwa-1\" title=\"minerwa-1\" \/><\/div>\n\t\t<\/figure>\n\t<\/div>\n\n\t<div class=\"wpb_text_column wpb_content_element\" >\n\t\t<div class=\"wpb_wrapper\">\n\t\t\t<p style=\"text-align: left;\"><strong>MINERWA<\/strong><\/p>\n<p id=\"tw-target-text\" class=\"tw-data-text tw-text-large tw-ta\" dir=\"ltr\" data-placeholder=\"Translation\">Le Laboratoire Mixte International (LMI) MINERWA (pour une Activit\u00e9 Mini\u00e8re Responsable en Afrique de l\u2019Ouest) est de contribuer, par la recherche, \u00e0 la compr\u00e9hension de la distribution des ressources min\u00e9rales en C\u00f4te d\u2019Ivoire, ainsi qu\u2019\u00e0 leur exploration et exploitation responsable, c\u2019est \u00e0 dire avec des impacts soci\u00e9taux et environnementaux d\u00e9battus et maitris\u00e9s.<\/p>\n\n\t\t<\/div>\n\t<\/div>\n<div class=\"vc_empty_space\"   style=\"height: 32px\"><span class=\"vc_empty_space_inner\"><\/span><\/div><a itemprop=\"url\" href=\"https:\/\/miner-wa.org\/\" target=\"_blank\"  class=\"edgtf-btn edgtf-btn-medium edgtf-btn-solid\"  >\n\t<span class=\"edgtf-btn-text\">MINERWA Website<\/span>\n    <\/a><\/div><\/div><\/div><\/div><\/div><div class=\"vc_row wpb_row vc_row-fluid edgtf-section edgtf-content-aligment-left\" style=\"\"><div class=\"clearfix edgtf-full-section-inner\"><div class=\"wpb_column vc_column_container vc_col-sm-3 vc_col-has-fill\"><div class=\"vc_column-inner vc_custom_1619651766462\"><div class=\"wpb_wrapper\">\n\t<div  class=\"wpb_single_image wpb_content_element vc_align_left wpb_content_element\">\n\t\t\n\t\t<figure class=\"wpb_wrapper vc_figure\">\n\t\t\t<div class=\"vc_single_image-wrapper   vc_box_border_grey\"><img loading=\"lazy\" decoding=\"async\" width=\"150\" height=\"150\" src=\"https:\/\/agate-project.org\/wp-content\/uploads\/2021\/04\/africapss-150x150.png\" class=\"vc_single_image-img attachment-thumbnail\" alt=\"\" title=\"africapss\" \/><\/div>\n\t\t<\/figure>\n\t<\/div>\n\n\t<div class=\"wpb_text_column wpb_content_element\" >\n\t\t<div class=\"wpb_wrapper\">\n\t\t\t<p style=\"text-align: left;\"><strong>\u00a0Initiative africaine pour les sciences plan\u00e9taires et spatiales<\/strong><\/p>\n<p style=\"text-align: left;\">Cette initiative vise \u00e0 \u00e9lever la science plan\u00e9taire et spatiale \u00e0 travers l'ensemble du continent africain<\/p>\n\n\t\t<\/div>\n\t<\/div>\n<div class=\"vc_empty_space\"   style=\"height: 32px\"><span class=\"vc_empty_space_inner\"><\/span><\/div><a itemprop=\"url\" href=\"https:\/\/africapss.org\/\" target=\"_blank\"  class=\"edgtf-btn edgtf-btn-medium edgtf-btn-solid\"  >\n\t<span class=\"edgtf-btn-text\">AFPSS Website<\/span>\n    <\/a><\/div><\/div><\/div><div class=\"wpb_column vc_column_container vc_col-sm-3\"><div class=\"vc_column-inner vc_custom_1619651787452\"><div class=\"wpb_wrapper\">\n\t<div  class=\"wpb_single_image wpb_content_element vc_align_left wpb_content_element\">\n\t\t\n\t\t<figure class=\"wpb_wrapper vc_figure\">\n\t\t\t<div class=\"vc_single_image-wrapper   vc_box_border_grey\"><img loading=\"lazy\" decoding=\"async\" width=\"150\" height=\"150\" src=\"https:\/\/agate-project.org\/wp-content\/uploads\/2021\/04\/Gneiss-Laterite-transition-San-Pedro-Ivory-Coast-1536x1024-1-150x150.jpg\" class=\"vc_single_image-img attachment-thumbnail\" alt=\"\" title=\"Gneiss-Laterite-transition-San-Pedro-Ivory-Coast-1536x1024\" srcset=\"https:\/\/agate-project.org\/wp-content\/uploads\/2021\/04\/Gneiss-Laterite-transition-San-Pedro-Ivory-Coast-1536x1024-1-150x150.jpg 150w, https:\/\/agate-project.org\/wp-content\/uploads\/2021\/04\/Gneiss-Laterite-transition-San-Pedro-Ivory-Coast-1536x1024-1-550x550.jpg 550w, https:\/\/agate-project.org\/wp-content\/uploads\/2021\/04\/Gneiss-Laterite-transition-San-Pedro-Ivory-Coast-1536x1024-1-1000x1000.jpg 1000w\" sizes=\"(max-width: 150px) 100vw, 150px\" \/><\/div>\n\t\t<\/figure>\n\t<\/div>\n\n\t<div class=\"wpb_text_column wpb_content_element\" >\n\t\t<div class=\"wpb_wrapper\">\n\t\t\t<p><strong>R\u00e9seau franco-australien de recherche sur l'\u00e9tude de la lithosph\u00e8re continentale<\/strong><\/p>\n<p>L'objectif de FALCoL est de formaliser et de renforcer une collaboration de plus de dix ans associant des partenaires acad\u00e9miques et industriels australiens et fran\u00e7ais sur des projets de recherche ciblant diff\u00e9rentes \u00e9tapes de l'\u00e9volution de la lithosph\u00e8re et de la cro\u00fbte continentale de l'Arch\u00e9en au Phan\u00e9rozo\u00efque afin de \u00e9valuer l'impact des processus g\u00e9ologiques depuis les profondeurs de la Terre jusqu'\u00e0 la zone critique (interface g\u00e9osph\u00e8re-hydrosph\u00e8re-biosph\u00e8re).<\/p>\n\n\t\t<\/div>\n\t<\/div>\n<div class=\"vc_empty_space\"   style=\"height: 32px\"><span class=\"vc_empty_space_inner\"><\/span><\/div><a itemprop=\"url\" href=\"https:\/\/cnrssingapore.cnrs.fr\/project\/irn-falcol\/\" target=\"_blank\"  class=\"edgtf-btn edgtf-btn-medium edgtf-btn-solid\"  >\n\t<span class=\"edgtf-btn-text\">IRN FALCoL<\/span>\n    <\/a><\/div><\/div><\/div><div class=\"wpb_column vc_column_container vc_col-sm-3\"><div class=\"vc_column-inner vc_custom_1641116490175\"><div class=\"wpb_wrapper\">\n\t<div  class=\"wpb_single_image wpb_content_element vc_align_left wpb_content_element\">\n\t\t\n\t\t<figure class=\"wpb_wrapper vc_figure\">\n\t\t\t<div class=\"vc_single_image-wrapper   vc_box_border_grey\"><img loading=\"lazy\" decoding=\"async\" width=\"150\" height=\"150\" src=\"https:\/\/agate-project.org\/wp-content\/uploads\/2022\/01\/Waxi-Logo-PNG-01_Pic_only-e1679480884955-150x150.jpg\" class=\"vc_single_image-img attachment-thumbnail\" alt=\"\" title=\"Waxi-Logo-PNG-01_Pic_only\" srcset=\"https:\/\/agate-project.org\/wp-content\/uploads\/2022\/01\/Waxi-Logo-PNG-01_Pic_only-e1679480884955-150x150.jpg 150w, https:\/\/agate-project.org\/wp-content\/uploads\/2022\/01\/Waxi-Logo-PNG-01_Pic_only-e1679480884955-300x300.jpg 300w, https:\/\/agate-project.org\/wp-content\/uploads\/2022\/01\/Waxi-Logo-PNG-01_Pic_only-e1679480884955-12x12.jpg 12w, https:\/\/agate-project.org\/wp-content\/uploads\/2022\/01\/Waxi-Logo-PNG-01_Pic_only-e1679480884955.jpg 500w\" sizes=\"(max-width: 150px) 100vw, 150px\" \/><\/div>\n\t\t<\/figure>\n\t<\/div>\n\n\t<div class=\"wpb_text_column wpb_content_element\" >\n\t\t<div class=\"wpb_wrapper\">\n\t\t\t<p><strong>WAXI<\/strong><\/p>\n<p class=\"elementor-heading-title elementor-size-default\">L'Initiative d'exploration ouest-africaine (WAXI) est un programme de recherche collaboratif unique ax\u00e9 sur la tectonique et le potentiel min\u00e9ral du craton ouest-africain.<\/p>\n\n\t\t<\/div>\n\t<\/div>\n<div class=\"vc_empty_space\"   style=\"height: 32px\"><span class=\"vc_empty_space_inner\"><\/span><\/div><a itemprop=\"url\" href=\"https:\/\/waxi4.org\/\" target=\"_blank\"  class=\"edgtf-btn edgtf-btn-medium edgtf-btn-solid\"  >\n\t<span class=\"edgtf-btn-text\">Visit WAXI Website<\/span>\n    <\/a><\/div><\/div><\/div><div class=\"wpb_column vc_column_container vc_col-sm-3\"><div class=\"vc_column-inner\"><div class=\"wpb_wrapper\"><\/div><\/div><\/div><\/div><\/div>\n<\/div>","protected":false},"excerpt":{"rendered":"Geosciences in West Africa and Maghreb Newsletter This newsletter is published monthly and provides the latest news on publications, grants, courses conferences and other activities of interest. Register for Newsletter MADI- The Minerals Africa Development Institution An African-led think tank supporting responsible and sustainable development of Africa\u2019s mineral resources. MADI Website International Geological Cooperation Program...","protected":false},"author":1,"featured_media":0,"parent":0,"menu_order":0,"comment_status":"closed","ping_status":"closed","template":"full-width.php","meta":{"_monsterinsights_skip_tracking":false,"_monsterinsights_sitenote_active":false,"_monsterinsights_sitenote_note":"","_monsterinsights_sitenote_category":0,"_uf_show_specific_survey":0,"_uf_disable_surveys":false,"footnotes":""},"class_list":["post-22342","page","type-page","status-publish","hentry"],"aioseo_notices":[],"_links":{"self":[{"href":"https:\/\/agate-project.org\/fr\/wp-json\/wp\/v2\/pages\/22342","targetHints":{"allow":["GET"]}}],"collection":[{"href":"https:\/\/agate-project.org\/fr\/wp-json\/wp\/v2\/pages"}],"about":[{"href":"https:\/\/agate-project.org\/fr\/wp-json\/wp\/v2\/types\/page"}],"author":[{"embeddable":true,"href":"https:\/\/agate-project.org\/fr\/wp-json\/wp\/v2\/users\/1"}],"replies":[{"embeddable":true,"href":"https:\/\/agate-project.org\/fr\/wp-json\/wp\/v2\/comments?post=22342"}],"version-history":[{"count":5,"href":"https:\/\/agate-project.org\/fr\/wp-json\/wp\/v2\/pages\/22342\/revisions"}],"predecessor-version":[{"id":22606,"href":"https:\/\/agate-project.org\/fr\/wp-json\/wp\/v2\/pages\/22342\/revisions\/22606"}],"wp:attachment":[{"href":"https:\/\/agate-project.org\/fr\/wp-json\/wp\/v2\/media?parent=22342"}],"curies":[{"name":"wp","href":"https:\/\/api.w.org\/{rel}","templated":true}]}}