{"id":22194,"date":"2021-03-16T09:39:58","date_gmt":"2021-03-16T01:39:58","guid":{"rendered":"https:\/\/agate-project.org\/?page_id=22194"},"modified":"2025-12-09T12:50:16","modified_gmt":"2025-12-09T04:50:16","slug":"our-team","status":"publish","type":"page","link":"https:\/\/agate-project.org\/fr\/our-team\/","title":{"rendered":"Notre \u00e9quipe"},"content":{"rendered":"<div data-elementor-type=\"wp-page\" data-elementor-id=\"22194\" class=\"elementor elementor-22194\" data-elementor-post-type=\"page\">\n\t\t\t\t\t\t<section class=\"elementor-section elementor-top-section elementor-element elementor-element-4546a283 elementor-section-boxed elementor-section-height-default elementor-section-height-default edgtf-elementor-container-no edgtf-section edgtf-parallax-section-holder-touch-disabled edgtf-parallax-section-no\" data-id=\"4546a283\" data-element_type=\"section\" data-e-type=\"section\">\n\t\t\t\t\t\t<div class=\"elementor-container elementor-column-gap-default\">\n\t\t\t\t\t<div class=\"elementor-column elementor-col-100 elementor-top-column elementor-element elementor-element-7d97f26f\" data-id=\"7d97f26f\" data-element_type=\"column\" data-e-type=\"column\">\n\t\t\t<div class=\"elementor-widget-wrap elementor-element-populated\">\n\t\t\t\t\t\t\t<\/div>\n\t\t<\/div>\n\t\t\t\t\t<\/div>\n\t\t<\/section>\n\t\t\t\t<section class=\"elementor-section elementor-top-section elementor-element elementor-element-7c688c3 elementor-section-boxed elementor-section-height-default elementor-section-height-default edgtf-elementor-container-no edgtf-section edgtf-parallax-section-holder-touch-disabled edgtf-parallax-section-no\" data-id=\"7c688c3\" data-element_type=\"section\" data-e-type=\"section\">\n\t\t\t\t\t\t<div class=\"elementor-container elementor-column-gap-default\">\n\t\t\t\t\t<div class=\"elementor-column elementor-col-100 elementor-top-column elementor-element elementor-element-2ca3108\" data-id=\"2ca3108\" data-element_type=\"column\" data-e-type=\"column\">\n\t\t\t<div class=\"elementor-widget-wrap elementor-element-populated\">\n\t\t\t\t\t\t<div class=\"elementor-element elementor-element-5610572 elementor-widget elementor-widget-heading\" data-id=\"5610572\" data-element_type=\"widget\" data-e-type=\"widget\" data-widget_type=\"heading.default\">\n\t\t\t\t<div class=\"elementor-widget-container\">\n\t\t\t\t\t<h3 class=\"elementor-heading-title elementor-size-default\">Notre \u00e9quipe<\/h3>\t\t\t\t<\/div>\n\t\t\t\t<\/div>\n\t\t\t\t\t<\/div>\n\t\t<\/div>\n\t\t\t\t\t<\/div>\n\t\t<\/section>\n\t\t\t\t<section class=\"elementor-section elementor-top-section elementor-element elementor-element-606e52b elementor-section-boxed elementor-section-height-default elementor-section-height-default edgtf-elementor-container-no edgtf-section edgtf-parallax-section-holder-touch-disabled edgtf-parallax-section-no\" data-id=\"606e52b\" data-element_type=\"section\" data-e-type=\"section\">\n\t\t\t\t\t\t<div class=\"elementor-container elementor-column-gap-default\">\n\t\t\t\t\t<div class=\"elementor-column elementor-col-100 elementor-top-column elementor-element elementor-element-1e5076e\" data-id=\"1e5076e\" data-element_type=\"column\" data-e-type=\"column\">\n\t\t\t<div class=\"elementor-widget-wrap elementor-element-populated\">\n\t\t\t\t\t\t<div class=\"elementor-element elementor-element-99ebd70 elementor-widget elementor-widget-text-editor\" data-id=\"99ebd70\" data-element_type=\"widget\" data-e-type=\"widget\" data-widget_type=\"text-editor.default\">\n\t\t\t\t<div class=\"elementor-widget-container\">\n\t\t\t\t\t\t\t\t\t<p>Le projet Agate prosp\u00e8re gr\u00e2ce \u00e0 la participation active et au soutien de notre \u00e9quipe en Afrique et au-del\u00e0 :<\/p>\t\t\t\t\t\t\t\t<\/div>\n\t\t\t\t<\/div>\n\t\t\t\t\t<\/div>\n\t\t<\/div>\n\t\t\t\t\t<\/div>\n\t\t<\/section>\n\t\t\t\t<section class=\"elementor-section elementor-top-section elementor-element elementor-element-c0aef6f elementor-section-boxed elementor-section-height-default elementor-section-height-default edgtf-elementor-container-no edgtf-section edgtf-parallax-section-holder-touch-disabled edgtf-parallax-section-no\" data-id=\"c0aef6f\" data-element_type=\"section\" data-e-type=\"section\">\n\t\t\t\t\t\t<div class=\"elementor-container elementor-column-gap-default\">\n\t\t\t\t\t<div class=\"elementor-column elementor-col-50 elementor-top-column elementor-element elementor-element-4648363\" data-id=\"4648363\" data-element_type=\"column\" data-e-type=\"column\">\n\t\t\t<div class=\"elementor-widget-wrap elementor-element-populated\">\n\t\t\t\t\t\t<div class=\"elementor-element elementor-element-a1bdec8 elementor-widget elementor-widget-text-editor\" data-id=\"a1bdec8\" data-element_type=\"widget\" data-e-type=\"widget\" data-widget_type=\"text-editor.default\">\n\t\t\t\t<div class=\"elementor-widget-container\">\n\t\t\t\t\t\t\t\t\t<ul><li>Anne-Sylvie Andr\u00e9-Mayer, U Lorraine, France<\/li><li>Aur\u00e9lien Eglinger, U Lorraine, France<\/li><li>Augustin Koffi Yao, UFHB C\u00f4te d\u2019Ivoire (Country Coordinator)<\/li><li>Corinne Debat, UWA, Australia (Director)<\/li><li>David Baratoux, IRD, France<\/li><li>Guillaume Duclaux, Universit\u00e9 C\u00f4te d\u2019Azur, France<\/li><li>Ibrahima Labou, UCAD, Senegal<\/li><li>Jean-Paul Bout, UWA, Australia<\/li><li>Laurent Aill\u00e8res, Monash University, Australia<\/li><li>Lenka Baratoux, IRD, France<\/li><li>Luc Siebenaller, ASDM, Luxembourg<\/li><li>Mahamadane Diene, UCAD, Senegal<\/li><li>Mahamadou Diallo, ENI-ABT, Mali (Country Coordinator)<\/li><li>Mark Jessell, UWA, Australia (Director)<\/li><li>Morou Ouedraogo, TTG, Burkina Faso<\/li><li>Nicolas Th\u00e9baud, UWA, Australia (Director)<\/li><li>Ousmane Wane, FFSTB, Mali<\/li><li>Prince Amponsah, U Ghana, Ghana<\/li><li>Quentin Masurel, UWA, Australia<\/li><li>Rokhaya Samba Diene, DPPM, Senegal<\/li><li>Weronika Gorczyk, UWA, Australia (Webmaster, Research Analyst)<\/li><li>Yacouba Coulibaly, UFHB, Cote d\u2019Ivoire<\/li><\/ul>\t\t\t\t\t\t\t\t<\/div>\n\t\t\t\t<\/div>\n\t\t\t\t\t<\/div>\n\t\t<\/div>\n\t\t\t\t<div class=\"elementor-column elementor-col-50 elementor-top-column elementor-element elementor-element-6aa08fa\" data-id=\"6aa08fa\" data-element_type=\"column\" data-e-type=\"column\">\n\t\t\t<div class=\"elementor-widget-wrap elementor-element-populated\">\n\t\t\t\t\t\t<section class=\"elementor-section elementor-inner-section elementor-element elementor-element-ebce358 elementor-section-boxed elementor-section-height-default elementor-section-height-default edgtf-elementor-container-no edgtf-section edgtf-parallax-section-holder-touch-disabled edgtf-parallax-section-no\" data-id=\"ebce358\" data-element_type=\"section\" data-e-type=\"section\">\n\t\t\t\t\t\t<div class=\"elementor-container elementor-column-gap-default\">\n\t\t\t\t\t<div class=\"elementor-column elementor-col-50 elementor-inner-column elementor-element elementor-element-e4f9792\" data-id=\"e4f9792\" data-element_type=\"column\" data-e-type=\"column\">\n\t\t\t<div class=\"elementor-widget-wrap elementor-element-populated\">\n\t\t\t\t\t\t<div class=\"elementor-element elementor-element-8d6430d elementor-widget elementor-widget-heading\" data-id=\"8d6430d\" data-element_type=\"widget\" data-e-type=\"widget\" data-widget_type=\"heading.default\">\n\t\t\t\t<div class=\"elementor-widget-container\">\n\t\t\t\t\t<h4 class=\"elementor-heading-title elementor-size-default\">Country Coordinators\n<\/h4>\t\t\t\t<\/div>\n\t\t\t\t<\/div>\n\t\t\t\t<div class=\"elementor-element elementor-element-faf3b98 elementor-widget elementor-widget-text-editor\" data-id=\"faf3b98\" data-element_type=\"widget\" data-e-type=\"widget\" data-widget_type=\"text-editor.default\">\n\t\t\t\t<div class=\"elementor-widget-container\">\n\t\t\t\t\t\t\t\t\t<p>Country Coordinators are passionate volunteers who represent Agate Project locally. They facilitate local engagement, partnerships, and coordination of activities.<\/p>\t\t\t\t\t\t\t\t<\/div>\n\t\t\t\t<\/div>\n\t\t\t\t\t<\/div>\n\t\t<\/div>\n\t\t\t\t<div class=\"elementor-column elementor-col-50 elementor-inner-column elementor-element elementor-element-7c67cdf\" data-id=\"7c67cdf\" data-element_type=\"column\" data-e-type=\"column\">\n\t\t\t<div class=\"elementor-widget-wrap elementor-element-populated\">\n\t\t\t\t\t\t<div class=\"elementor-element elementor-element-ffd985e elementor-widget elementor-widget-image\" data-id=\"ffd985e\" data-element_type=\"widget\" data-e-type=\"widget\" data-widget_type=\"image.default\">\n\t\t\t\t<div class=\"elementor-widget-container\">\n\t\t\t\t\t\t\t\t\t\t\t\t\t\t\t<img fetchpriority=\"high\" decoding=\"async\" width=\"216\" height=\"240\" src=\"https:\/\/agate-project.org\/wp-content\/uploads\/2025\/12\/Map-of-Africa2.png\" class=\"attachment-medium_large size-medium_large wp-image-26903\" alt=\"\" srcset=\"https:\/\/agate-project.org\/wp-content\/uploads\/2025\/12\/Map-of-Africa2.png 216w, https:\/\/agate-project.org\/wp-content\/uploads\/2025\/12\/Map-of-Africa2-11x12.png 11w\" sizes=\"(max-width: 216px) 100vw, 216px\" \/>\t\t\t\t\t\t\t\t\t\t\t\t\t\t\t<\/div>\n\t\t\t\t<\/div>\n\t\t\t\t\t<\/div>\n\t\t<\/div>\n\t\t\t\t\t<\/div>\n\t\t<\/section>\n\t\t\t\t<section class=\"elementor-section elementor-inner-section elementor-element elementor-element-aedf664 elementor-section-boxed elementor-section-height-default elementor-section-height-default edgtf-elementor-container-no edgtf-section edgtf-parallax-section-holder-touch-disabled edgtf-parallax-section-no\" data-id=\"aedf664\" data-element_type=\"section\" data-e-type=\"section\">\n\t\t\t\t\t\t<div class=\"elementor-container elementor-column-gap-default\">\n\t\t\t\t\t<div class=\"elementor-column elementor-col-100 elementor-inner-column elementor-element elementor-element-202765d\" data-id=\"202765d\" data-element_type=\"column\" data-e-type=\"column\">\n\t\t\t<div class=\"elementor-widget-wrap elementor-element-populated\">\n\t\t\t\t\t\t<div class=\"elementor-element elementor-element-01b5fb3 elementor-widget elementor-widget-text-editor\" data-id=\"01b5fb3\" data-element_type=\"widget\" data-e-type=\"widget\" data-widget_type=\"text-editor.default\">\n\t\t\t\t<div class=\"elementor-widget-container\">\n\t\t\t\t\t\t\t\t\t<p><strong>C\u00f4te d&#8217;Ivoire<\/strong>: <strong>Augustin Yao Koffi<\/strong> &#8211; Universit\u00e9 F\u00e9lix Houphou\u00ebt-Boigny d&#8217;Abidjan-Cocody, Abidjan. \u00c9diteur Geosciences en Afrique de l&#8217;Ouest &amp; Maghreb. Tel (225) 07 07 37 40 89 (WhatsApp) \/ 05 04 72 57 &#8211; \u00a0yaoaugustinkoffi@yahoo.fr<\/p><p><strong>Mali: Mahamadou Diallo<\/strong> &#8211; Ecole Nationale d&#8217;Ing\u00e9nieurs Abderhamane Baba Tour\u00e9, Bamako. Tel (223) 68 69 66 01 \/ 73 76 64 49 &#8211; yaranga.mdiallo@gmail.com<\/p>\t\t\t\t\t\t\t\t<\/div>\n\t\t\t\t<\/div>\n\t\t\t\t\t<\/div>\n\t\t<\/div>\n\t\t\t\t\t<\/div>\n\t\t<\/section>\n\t\t\t\t\t<\/div>\n\t\t<\/div>\n\t\t\t\t\t<\/div>\n\t\t<\/section>\n\t\t\t\t<\/div>","protected":false},"excerpt":{"rendered":"<p>Our Team The Agate Project thrives thanks to the active participation and support of our team in Africa and beyond: Anne-Sylvie Andr\u00e9-Mayer, U Lorraine, France Aur\u00e9lien Eglinger, U Lorraine, France Augustin Koffi Yao, UFHB C\u00f4te d\u2019Ivoire (Country Coordinator) Corinne Debat, UWA, Australia (Director) David Baratoux, IRD, France Guillaume Duclaux, Universit\u00e9 C\u00f4te d\u2019Azur, France Ibrahima Labou,&#8230;<\/p>","protected":false},"author":1,"featured_media":0,"parent":0,"menu_order":0,"comment_status":"closed","ping_status":"closed","template":"full-width.php","meta":{"_monsterinsights_skip_tracking":false,"_monsterinsights_sitenote_active":false,"_monsterinsights_sitenote_note":"","_monsterinsights_sitenote_category":0,"_uf_show_specific_survey":0,"_uf_disable_surveys":false,"footnotes":""},"class_list":["post-22194","page","type-page","status-publish","hentry"],"aioseo_notices":[],"_links":{"self":[{"href":"https:\/\/agate-project.org\/fr\/wp-json\/wp\/v2\/pages\/22194","targetHints":{"allow":["GET"]}}],"collection":[{"href":"https:\/\/agate-project.org\/fr\/wp-json\/wp\/v2\/pages"}],"about":[{"href":"https:\/\/agate-project.org\/fr\/wp-json\/wp\/v2\/types\/page"}],"author":[{"embeddable":true,"href":"https:\/\/agate-project.org\/fr\/wp-json\/wp\/v2\/users\/1"}],"replies":[{"embeddable":true,"href":"https:\/\/agate-project.org\/fr\/wp-json\/wp\/v2\/comments?post=22194"}],"version-history":[{"count":5,"href":"https:\/\/agate-project.org\/fr\/wp-json\/wp\/v2\/pages\/22194\/revisions"}],"predecessor-version":[{"id":26960,"href":"https:\/\/agate-project.org\/fr\/wp-json\/wp\/v2\/pages\/22194\/revisions\/26960"}],"wp:attachment":[{"href":"https:\/\/agate-project.org\/fr\/wp-json\/wp\/v2\/media?parent=22194"}],"curies":[{"name":"wp","href":"https:\/\/api.w.org\/{rel}","templated":true}]}}