{"id":21830,"date":"2020-12-04T03:23:30","date_gmt":"2020-12-04T03:23:30","guid":{"rendered":"https:\/\/tectonique.net\/agate_dev\/?page_id=21830"},"modified":"2020-12-04T03:26:03","modified_gmt":"2020-12-04T03:26:03","slug":"named-company-scholarships","status":"publish","type":"page","link":"https:\/\/agate-project.org\/fr\/named-company-scholarships\/","title":{"rendered":"Bourses nomm\u00e9es"},"content":{"rendered":"<p>Nous travaillons actuellement avec des entreprises travaillant en Afrique pour d\u00e9velopper des bourses nomm\u00e9es qui permettront aux entreprises d'aider les \u00e9tudiants locaux \u00e0 travailler sur des projets de recherche adapt\u00e9s aux int\u00e9r\u00eats de l'entreprise. Ceux-ci seront \u00e9tiquet\u00e9s comme <em>Nom de l'entreprise-Agate<\/em> bourses et permettra aux entreprises de mieux s'engager avec les communaut\u00e9s locales de recherche et de formation.<\/p>\n\n\n\n<p><\/p>\n\n\n\n<p><a href=\"http:\/\/agate-project.org\/fr\/contact-us\/\" data-type=\"URL\" data-id=\"http:\/\/agate-project.org\/contact-us\/\" target=\"_blank\" rel=\"noreferrer noopener\">Nous contacter<\/a> si vous souhaitez poursuivre une discussion pour mettre en place une nouvelle bourse dans un pays dans lequel vous travaillez.<\/p>","protected":false},"excerpt":{"rendered":"<p>We are currenlty working with companies working in Africa to develop named scholarships that will allow companies to support local stduents to work on research projects tailored to company interests. These will be labelled as CompanyName-Agate scholarships and will allow companies to better engage with local research and training communities. Contact us if you are&#8230;<\/p>","protected":false},"author":1,"featured_media":0,"parent":0,"menu_order":0,"comment_status":"closed","ping_status":"closed","template":"","meta":{"_monsterinsights_skip_tracking":false,"_monsterinsights_sitenote_active":false,"_monsterinsights_sitenote_note":"","_monsterinsights_sitenote_category":0,"_uf_show_specific_survey":0,"_uf_disable_surveys":false,"footnotes":""},"class_list":["post-21830","page","type-page","status-publish","hentry"],"aioseo_notices":[],"_links":{"self":[{"href":"https:\/\/agate-project.org\/fr\/wp-json\/wp\/v2\/pages\/21830","targetHints":{"allow":["GET"]}}],"collection":[{"href":"https:\/\/agate-project.org\/fr\/wp-json\/wp\/v2\/pages"}],"about":[{"href":"https:\/\/agate-project.org\/fr\/wp-json\/wp\/v2\/types\/page"}],"author":[{"embeddable":true,"href":"https:\/\/agate-project.org\/fr\/wp-json\/wp\/v2\/users\/1"}],"replies":[{"embeddable":true,"href":"https:\/\/agate-project.org\/fr\/wp-json\/wp\/v2\/comments?post=21830"}],"version-history":[{"count":3,"href":"https:\/\/agate-project.org\/fr\/wp-json\/wp\/v2\/pages\/21830\/revisions"}],"predecessor-version":[{"id":21834,"href":"https:\/\/agate-project.org\/fr\/wp-json\/wp\/v2\/pages\/21830\/revisions\/21834"}],"wp:attachment":[{"href":"https:\/\/agate-project.org\/fr\/wp-json\/wp\/v2\/media?parent=21830"}],"curies":[{"name":"wp","href":"https:\/\/api.w.org\/{rel}","templated":true}]}}