{"id":21537,"date":"2020-11-11T05:52:58","date_gmt":"2020-11-11T05:52:58","guid":{"rendered":"https:\/\/tectonique.net\/agate_dev\/?page_id=21537"},"modified":"2021-03-02T18:57:17","modified_gmt":"2021-03-02T10:57:17","slug":"our-history","status":"publish","type":"page","link":"https:\/\/agate-project.org\/fr\/who-we-are\/our-history\/","title":{"rendered":"Notre histoire"},"content":{"rendered":"<div class=\"wpb-content-wrapper\"><div class=\"vc_row wpb_row vc_row-fluid edgtf-section vc_custom_1605262881497 edgtf-content-aligment-left edgtf-grid-section\" style=\"\"><div class=\"clearfix edgtf-section-inner\"><div class=\"edgtf-section-inner-margin clearfix\"><div class=\"wpb_column vc_column_container vc_col-sm-12 vc_col-lg-12 vc_col-md-12 vc_col-xs-12\"><div class=\"vc_column-inner\"><div class=\"wpb_wrapper\"><div class=\"edgtf-elements-holder edgtf-responsive-mode-768\" ><div class=\"edgtf-elements-holder-item\" data-item-class=\"edgtf-elements-holder-custom-680127\" data-1280-1600=\"2% 2% 2% 2%\" data-1024-1280=\"2% 2% 2% 2%\" data-768-1024=\"2% 2% 2% 2%\" data-600-768=\"2% 2% 2% 2%\" data-480-600=\"2% 2% 2% 2%\" data-480=\"2% 2% 2% 2%\" >\n\t\t<div class=\"edgtf-elements-holder-item-inner\">\n\t\t<div class=\"edgtf-elements-holder-item-content edgtf-elements-holder-custom-680127\" style=\"padding: 2% 2% 2% 2%\">\n\t\t\t<h3 class=\"edgtf-title-with-number\" >\n\t<span class=\"edgtf-twn-number\"><\/span>Notre histoire<\/h3><div class=\"vc_empty_space\"   style=\"height: 25px\"><span class=\"vc_empty_space_inner\"><\/span><\/div>\n\t<div class=\"wpb_text_column wpb_content_element\" >\n\t\t<div class=\"wpb_wrapper\">\n\t\t\t<p>\u00c0 partir de 2006, une \u00e9quipe de chercheurs de l'Institut de Recherche pour Le D\u00e9veloppement (IRD) \u00e0 Toulouse France a fond\u00e9 un r\u00e9seau de recherche et de renforcement des capacit\u00e9s WAXI (l'initiative d'exploration ouest-africaine) comprenant des universit\u00e9s, des \u00e9tudes g\u00e9ologiques et l'industrie mini\u00e8re internationale avec un accent sur la tectonique et la m\u00e9tallogen\u00e8se de l'Afrique de l'Ouest.<\/p>\n<p>&nbsp;<\/p>\n<p>Dans les deux premi\u00e8res \u00e9tapes de WAXI, les activit\u00e9s de renforcement des capacit\u00e9s ont \u00e9t\u00e9 men\u00e9es par l'IRD. Dans la phase 3 de WAXI, nous avons \u00e9tabli un partenariat avec ASDM, une ONG luxembourgeoise travaillant au Burkina Faso.<\/p>\n<p>&nbsp;<\/p>\n<p>Comme la demande d'opportunit\u00e9s de formation et de recherche n'a fait qu'augmenter, nous avons lanc\u00e9 un organisme de bienfaisance enregistr\u00e9 bas\u00e9 \u00e0 Perth, en Australie, pour entreprendre et d\u00e9velopper ces activit\u00e9s.<\/p>\n\n\t\t<\/div>\n\t<\/div>\n<div class=\"vc_empty_space\"   style=\"height: 35px\"><span class=\"vc_empty_space_inner\"><\/span><\/div>\t\t<\/div>\n\t<\/div>\n\t<\/div><\/div><\/div><\/div><\/div><\/div><\/div><\/div><div class=\"vc_row wpb_row vc_row-fluid edgtf-section edgtf-content-aligment-left\" style=\"\"><div class=\"clearfix edgtf-full-section-inner\"><div class=\"wpb_column vc_column_container vc_col-sm-12\"><div class=\"vc_column-inner\"><div class=\"wpb_wrapper\">\n\t<div  class=\"wpb_single_image wpb_content_element vc_align_center wpb_content_element\">\n\t\t\n\t\t<figure class=\"wpb_wrapper vc_figure\">\n\t\t\t<div class=\"vc_single_image-wrapper   vc_box_border_grey\"><img fetchpriority=\"high\" decoding=\"async\" width=\"300\" height=\"300\" src=\"https:\/\/agate-project.org\/wp-content\/uploads\/2021\/03\/ACNC-Registered-Charity-Logo_RGB-300x300.png\" class=\"vc_single_image-img attachment-medium\" alt=\"\" title=\"ACNC-Registered-Charity-Logo_RGB\" srcset=\"https:\/\/agate-project.org\/wp-content\/uploads\/2021\/03\/ACNC-Registered-Charity-Logo_RGB-300x300.png 300w, https:\/\/agate-project.org\/wp-content\/uploads\/2021\/03\/ACNC-Registered-Charity-Logo_RGB-150x150.png 150w, https:\/\/agate-project.org\/wp-content\/uploads\/2021\/03\/ACNC-Registered-Charity-Logo_RGB-768x768.png 768w, https:\/\/agate-project.org\/wp-content\/uploads\/2021\/03\/ACNC-Registered-Charity-Logo_RGB-550x550.png 550w, https:\/\/agate-project.org\/wp-content\/uploads\/2021\/03\/ACNC-Registered-Charity-Logo_RGB.png 960w\" sizes=\"(max-width: 300px) 100vw, 300px\" \/><\/div>\n\t\t<\/figure>\n\t<\/div>\n<\/div><\/div><\/div><\/div><\/div>\n<\/div>","protected":false},"excerpt":{"rendered":"Our History Starting in 2006, a team of researchers at the Institute de Recherche pour Le Developpement \u00a0 (IRD) in Toulouse France founded a research and capacity building network WAXI ( the West African exploration initiative) including universities, geological surveys and the international mining industry with a focus on the tectonics and metallogenesis of West...","protected":false},"author":2,"featured_media":0,"parent":21364,"menu_order":0,"comment_status":"closed","ping_status":"closed","template":"full-width.php","meta":{"_monsterinsights_skip_tracking":false,"_monsterinsights_sitenote_active":false,"_monsterinsights_sitenote_note":"","_monsterinsights_sitenote_category":0,"_uf_show_specific_survey":0,"_uf_disable_surveys":false,"footnotes":""},"class_list":["post-21537","page","type-page","status-publish","hentry"],"aioseo_notices":[],"_links":{"self":[{"href":"https:\/\/agate-project.org\/fr\/wp-json\/wp\/v2\/pages\/21537","targetHints":{"allow":["GET"]}}],"collection":[{"href":"https:\/\/agate-project.org\/fr\/wp-json\/wp\/v2\/pages"}],"about":[{"href":"https:\/\/agate-project.org\/fr\/wp-json\/wp\/v2\/types\/page"}],"author":[{"embeddable":true,"href":"https:\/\/agate-project.org\/fr\/wp-json\/wp\/v2\/users\/2"}],"replies":[{"embeddable":true,"href":"https:\/\/agate-project.org\/fr\/wp-json\/wp\/v2\/comments?post=21537"}],"version-history":[{"count":5,"href":"https:\/\/agate-project.org\/fr\/wp-json\/wp\/v2\/pages\/21537\/revisions"}],"predecessor-version":[{"id":22116,"href":"https:\/\/agate-project.org\/fr\/wp-json\/wp\/v2\/pages\/21537\/revisions\/22116"}],"up":[{"embeddable":true,"href":"https:\/\/agate-project.org\/fr\/wp-json\/wp\/v2\/pages\/21364"}],"wp:attachment":[{"href":"https:\/\/agate-project.org\/fr\/wp-json\/wp\/v2\/media?parent=21537"}],"curies":[{"name":"wp","href":"https:\/\/api.w.org\/{rel}","templated":true}]}}