{"id":1846,"date":"2016-03-08T09:54:27","date_gmt":"2016-03-08T09:54:27","guid":{"rendered":"http:\/\/barista.edge-themes.com\/?page_id=1846"},"modified":"2021-02-20T11:12:26","modified_gmt":"2021-02-20T03:12:26","slug":"our-mission","status":"publish","type":"page","link":"https:\/\/agate-project.org\/fr\/who-we-are\/our-mission\/","title":{"rendered":"Notre Mission"},"content":{"rendered":"<div class=\"wpb-content-wrapper\"><div class=\"vc_row wpb_row vc_row-fluid edgtf-section vc_custom_1605263018873 edgtf-content-aligment-left edgtf-grid-section\" style=\"\"><div class=\"clearfix edgtf-section-inner\"><div class=\"edgtf-section-inner-margin clearfix\"><div class=\"wpb_column vc_column_container vc_col-sm-12 vc_col-lg-12 vc_col-md-12 vc_col-xs-12\"><div class=\"vc_column-inner\"><div class=\"wpb_wrapper\"><div class=\"edgtf-elements-holder edgtf-responsive-mode-768\" ><div class=\"edgtf-elements-holder-item\" data-item-class=\"edgtf-elements-holder-custom-278178\" data-1280-1600=\"2% 2% 2% 2%\" data-1024-1280=\"2% 2% 2% 2%\" data-768-1024=\"2% 2% 2% 2%\" data-600-768=\"2% 2% 2% 2%\" data-480-600=\"2% 2% 2% 2%\" data-480=\"2% 2% 2% 2%\" >\n\t\t<div class=\"edgtf-elements-holder-item-inner\">\n\t\t<div class=\"edgtf-elements-holder-item-content edgtf-elements-holder-custom-278178\" style=\"padding: 2% 2% 2% 2%\">\n\t\t\t<h3 class=\"edgtf-title-with-number\" >\n\t<span class=\"edgtf-twn-number\"><\/span>Notre mission<\/h3><div class=\"vc_empty_space\"   style=\"height: 25px\"><span class=\"vc_empty_space_inner\"><\/span><\/div>\n\t<div class=\"wpb_text_column wpb_content_element\" >\n\t\t<div class=\"wpb_wrapper\">\n\t\t\t<p>Agate Project est une entreprise \u00e0 but non lucratif qui offre une gamme d'opportunit\u00e9s de formation aux professionnels, chercheurs et \u00e9tudiants bas\u00e9s en Afrique dans le domaine des sciences de la terre et de la plan\u00e8te.<\/p>\n<p>Les fonds g\u00e9n\u00e9r\u00e9s par les formations et les dons nous permettront de soutenir les chercheurs et les \u00e9tudiants.<\/p>\n\n\t\t<\/div>\n\t<\/div>\n<div class=\"vc_empty_space\"   style=\"height: 35px\"><span class=\"vc_empty_space_inner\"><\/span><\/div>\t\t<\/div>\n\t<\/div>\n\t<\/div><\/div><\/div><\/div><\/div><\/div><\/div><\/div>\n<\/div>","protected":false},"excerpt":{"rendered":"Our Mission Agate Project is a not-for-profit company that offers a range of education opportunities for professionals, researchers and students based in Africa in the field of earth and planetary sciences. Funds generated by the training courses and donations will help us to support researchers and students.","protected":false},"author":1,"featured_media":0,"parent":21364,"menu_order":0,"comment_status":"closed","ping_status":"closed","template":"full-width.php","meta":{"_monsterinsights_skip_tracking":false,"_monsterinsights_sitenote_active":false,"_monsterinsights_sitenote_note":"","_monsterinsights_sitenote_category":0,"_uf_show_specific_survey":0,"_uf_disable_surveys":false,"footnotes":""},"class_list":["post-1846","page","type-page","status-publish","hentry"],"aioseo_notices":[],"_links":{"self":[{"href":"https:\/\/agate-project.org\/fr\/wp-json\/wp\/v2\/pages\/1846","targetHints":{"allow":["GET"]}}],"collection":[{"href":"https:\/\/agate-project.org\/fr\/wp-json\/wp\/v2\/pages"}],"about":[{"href":"https:\/\/agate-project.org\/fr\/wp-json\/wp\/v2\/types\/page"}],"author":[{"embeddable":true,"href":"https:\/\/agate-project.org\/fr\/wp-json\/wp\/v2\/users\/1"}],"replies":[{"embeddable":true,"href":"https:\/\/agate-project.org\/fr\/wp-json\/wp\/v2\/comments?post=1846"}],"version-history":[{"count":4,"href":"https:\/\/agate-project.org\/fr\/wp-json\/wp\/v2\/pages\/1846\/revisions"}],"predecessor-version":[{"id":21574,"href":"https:\/\/agate-project.org\/fr\/wp-json\/wp\/v2\/pages\/1846\/revisions\/21574"}],"up":[{"embeddable":true,"href":"https:\/\/agate-project.org\/fr\/wp-json\/wp\/v2\/pages\/21364"}],"wp:attachment":[{"href":"https:\/\/agate-project.org\/fr\/wp-json\/wp\/v2\/media?parent=1846"}],"curies":[{"name":"wp","href":"https:\/\/api.w.org\/{rel}","templated":true}]}}